{"id":1936,"date":"2023-06-07T14:41:42","date_gmt":"2023-06-07T12:41:42","guid":{"rendered":"https:\/\/ridetolisboa.hu\/?page_id=1936"},"modified":"2023-06-21T10:51:35","modified_gmt":"2023-06-21T08:51:35","slug":"elementor-1936","status":"publish","type":"page","link":"https:\/\/ridetolisboa.hu\/?page_id=1936","title":{"rendered":"\u00datvonal"},"content":{"rendered":"\t\t<div data-elementor-type=\"wp-page\" data-elementor-id=\"1936\" class=\"elementor elementor-1936\">\n\t\t\t\t\t\t\t\t\t<section class=\"elementor-section elementor-top-section elementor-element elementor-element-2bed94d elementor-section-boxed elementor-section-height-default elementor-section-height-default\" data-id=\"2bed94d\" data-element_type=\"section\">\n\t\t\t\t\t\t<div class=\"elementor-container elementor-column-gap-default\">\n\t\t\t\t\t<div class=\"elementor-column elementor-col-100 elementor-top-column elementor-element elementor-element-861905b\" data-id=\"861905b\" data-element_type=\"column\">\n\t\t\t<div class=\"elementor-widget-wrap elementor-element-populated\">\n\t\t\t\t\t\t\t\t<div class=\"elementor-element elementor-element-831ddf4 elementor-widget elementor-widget-image\" data-id=\"831ddf4\" data-element_type=\"widget\" data-widget_type=\"image.default\">\n\t\t\t\t<div class=\"elementor-widget-container\">\n\t\t\t<style>\/*! elementor - v3.13.3 - 28-05-2023 *\/\n.elementor-widget-image{text-align:center}.elementor-widget-image a{display:inline-block}.elementor-widget-image a img[src$=\".svg\"]{width:48px}.elementor-widget-image img{vertical-align:middle;display:inline-block}<\/style>\t\t\t\t\t\t\t\t\t\t\t\t<img decoding=\"async\" src=\"https:\/\/ridetolisboa.hu\/wp-content\/uploads\/2023\/06\/IMG_1267-scaled.jpg\" title=\"IMG_1267\" alt=\"IMG_1267\" loading=\"lazy\" \/>\t\t\t\t\t\t\t\t\t\t\t\t\t\t\t<\/div>\n\t\t\t\t<\/div>\n\t\t\t\t\t<\/div>\n\t\t<\/div>\n\t\t\t\t\t\t\t<\/div>\n\t\t<\/section>\n\t\t\t\t<section class=\"elementor-section elementor-top-section elementor-element elementor-element-51fb860 elementor-section-boxed elementor-section-height-default elementor-section-height-default\" data-id=\"51fb860\" data-element_type=\"section\">\n\t\t\t\t\t\t<div class=\"elementor-container elementor-column-gap-default\">\n\t\t\t\t\t<div class=\"elementor-column elementor-col-33 elementor-top-column elementor-element elementor-element-44dc0b4\" data-id=\"44dc0b4\" data-element_type=\"column\">\n\t\t\t<div class=\"elementor-widget-wrap elementor-element-populated\">\n\t\t\t\t\t\t\t\t<div class=\"elementor-element elementor-element-a6a385d elementor-widget-tablet__width-initial elementor-widget elementor-widget-heading\" data-id=\"a6a385d\" data-element_type=\"widget\" data-widget_type=\"heading.default\">\n\t\t\t\t<div class=\"elementor-widget-container\">\n\t\t\t<style>\/*! elementor - v3.13.3 - 28-05-2023 *\/\n.elementor-heading-title{padding:0;margin:0;line-height:1}.elementor-widget-heading .elementor-heading-title[class*=elementor-size-]>a{color:inherit;font-size:inherit;line-height:inherit}.elementor-widget-heading .elementor-heading-title.elementor-size-small{font-size:15px}.elementor-widget-heading .elementor-heading-title.elementor-size-medium{font-size:19px}.elementor-widget-heading .elementor-heading-title.elementor-size-large{font-size:29px}.elementor-widget-heading .elementor-heading-title.elementor-size-xl{font-size:39px}.elementor-widget-heading .elementor-heading-title.elementor-size-xxl{font-size:59px}<\/style><h1 class=\"elementor-heading-title elementor-size-xxl\"><a href=\"https:\/\/maraboo.run\/terkep\/verseny\/tav\/elo\/af6472bc6fafb666826ae32b6be5b985#\"><br>\n\u00c9L\u0150 NYOMK\u00d6VET\u00c9S<br>kattints ide!<\/a><\/h1>\t\t<\/div>\n\t\t\t\t<\/div>\n\t\t\t\t\t<\/div>\n\t\t<\/div>\n\t\t\t\t<div class=\"elementor-column elementor-col-33 elementor-top-column elementor-element elementor-element-e55da41\" data-id=\"e55da41\" data-element_type=\"column\">\n\t\t\t<div class=\"elementor-widget-wrap\">\n\t\t\t\t\t\t\t\t\t<\/div>\n\t\t<\/div>\n\t\t\t\t<div class=\"elementor-column elementor-col-33 elementor-top-column elementor-element elementor-element-f35cb3e\" data-id=\"f35cb3e\" data-element_type=\"column\">\n\t\t\t<div class=\"elementor-widget-wrap elementor-element-populated\">\n\t\t\t\t\t\t\t\t<div class=\"elementor-element elementor-element-4e9ecdb elementor-widget-tablet__width-initial elementor-widget elementor-widget-image\" data-id=\"4e9ecdb\" data-element_type=\"widget\" data-widget_type=\"image.default\">\n\t\t\t\t<div class=\"elementor-widget-container\">\n\t\t\t\t\t\t\t\t\t\t\t\t\t\t\t\t<a href=\"https:\/\/maraboo.run\/terkep\/verseny\/tav\/elo\/af6472bc6fafb666826ae32b6be5b985#\">\n\t\t\t\t\t\t\t<img loading=\"lazy\" decoding=\"async\" width=\"1536\" height=\"1536\" src=\"https:\/\/ridetolisboa.hu\/wp-content\/uploads\/2023\/06\/3-1536x1536.png\" class=\"attachment-1536x1536 size-1536x1536 wp-image-2129\" alt=\"\" srcset=\"https:\/\/ridetolisboa.hu\/wp-content\/uploads\/2023\/06\/3-1536x1536.png 1536w, https:\/\/ridetolisboa.hu\/wp-content\/uploads\/2023\/06\/3-300x300.png 300w, https:\/\/ridetolisboa.hu\/wp-content\/uploads\/2023\/06\/3-1024x1024.png 1024w, https:\/\/ridetolisboa.hu\/wp-content\/uploads\/2023\/06\/3-150x150.png 150w, https:\/\/ridetolisboa.hu\/wp-content\/uploads\/2023\/06\/3-768x768.png 768w, https:\/\/ridetolisboa.hu\/wp-content\/uploads\/2023\/06\/3.png 2000w\" sizes=\"auto, (max-width: 1536px) 100vw, 1536px\" \/>\t\t\t\t\t\t\t\t<\/a>\n\t\t\t\t\t\t\t\t\t\t\t\t\t\t\t<\/div>\n\t\t\t\t<\/div>\n\t\t\t\t\t<\/div>\n\t\t<\/div>\n\t\t\t\t\t\t\t<\/div>\n\t\t<\/section>\n\t\t\t\t<section class=\"elementor-section elementor-top-section elementor-element elementor-element-d9a428b elementor-section-boxed elementor-section-height-default elementor-section-height-default\" data-id=\"d9a428b\" data-element_type=\"section\">\n\t\t\t\t\t\t<div class=\"elementor-container elementor-column-gap-default\">\n\t\t\t\t\t<div class=\"elementor-column elementor-col-100 elementor-top-column elementor-element elementor-element-f623811\" data-id=\"f623811\" data-element_type=\"column\">\n\t\t\t<div class=\"elementor-widget-wrap elementor-element-populated\">\n\t\t\t\t\t\t\t\t<div class=\"elementor-element elementor-element-a7554b2 elementor-widget-divider--view-line elementor-widget elementor-widget-divider\" data-id=\"a7554b2\" data-element_type=\"widget\" data-widget_type=\"divider.default\">\n\t\t\t\t<div class=\"elementor-widget-container\">\n\t\t\t<style>\/*! elementor - v3.13.3 - 28-05-2023 *\/\n.elementor-widget-divider{--divider-border-style:none;--divider-border-width:1px;--divider-color:#0c0d0e;--divider-icon-size:20px;--divider-element-spacing:10px;--divider-pattern-height:24px;--divider-pattern-size:20px;--divider-pattern-url:none;--divider-pattern-repeat:repeat-x}.elementor-widget-divider .elementor-divider{display:flex}.elementor-widget-divider .elementor-divider__text{font-size:15px;line-height:1;max-width:95%}.elementor-widget-divider .elementor-divider__element{margin:0 var(--divider-element-spacing);flex-shrink:0}.elementor-widget-divider .elementor-icon{font-size:var(--divider-icon-size)}.elementor-widget-divider .elementor-divider-separator{display:flex;margin:0;direction:ltr}.elementor-widget-divider--view-line_icon .elementor-divider-separator,.elementor-widget-divider--view-line_text .elementor-divider-separator{align-items:center}.elementor-widget-divider--view-line_icon .elementor-divider-separator:after,.elementor-widget-divider--view-line_icon .elementor-divider-separator:before,.elementor-widget-divider--view-line_text .elementor-divider-separator:after,.elementor-widget-divider--view-line_text .elementor-divider-separator:before{display:block;content:\"\";border-bottom:0;flex-grow:1;border-top:var(--divider-border-width) var(--divider-border-style) var(--divider-color)}.elementor-widget-divider--element-align-left .elementor-divider .elementor-divider-separator>.elementor-divider__svg:first-of-type{flex-grow:0;flex-shrink:100}.elementor-widget-divider--element-align-left .elementor-divider-separator:before{content:none}.elementor-widget-divider--element-align-left .elementor-divider__element{margin-left:0}.elementor-widget-divider--element-align-right .elementor-divider .elementor-divider-separator>.elementor-divider__svg:last-of-type{flex-grow:0;flex-shrink:100}.elementor-widget-divider--element-align-right .elementor-divider-separator:after{content:none}.elementor-widget-divider--element-align-right .elementor-divider__element{margin-right:0}.elementor-widget-divider:not(.elementor-widget-divider--view-line_text):not(.elementor-widget-divider--view-line_icon) .elementor-divider-separator{border-top:var(--divider-border-width) var(--divider-border-style) var(--divider-color)}.elementor-widget-divider--separator-type-pattern{--divider-border-style:none}.elementor-widget-divider--separator-type-pattern.elementor-widget-divider--view-line .elementor-divider-separator,.elementor-widget-divider--separator-type-pattern:not(.elementor-widget-divider--view-line) .elementor-divider-separator:after,.elementor-widget-divider--separator-type-pattern:not(.elementor-widget-divider--view-line) .elementor-divider-separator:before,.elementor-widget-divider--separator-type-pattern:not([class*=elementor-widget-divider--view]) .elementor-divider-separator{width:100%;min-height:var(--divider-pattern-height);-webkit-mask-size:var(--divider-pattern-size) 100%;mask-size:var(--divider-pattern-size) 100%;-webkit-mask-repeat:var(--divider-pattern-repeat);mask-repeat:var(--divider-pattern-repeat);background-color:var(--divider-color);-webkit-mask-image:var(--divider-pattern-url);mask-image:var(--divider-pattern-url)}.elementor-widget-divider--no-spacing{--divider-pattern-size:auto}.elementor-widget-divider--bg-round{--divider-pattern-repeat:round}.rtl .elementor-widget-divider .elementor-divider__text{direction:rtl}.e-con-inner>.elementor-widget-divider,.e-con>.elementor-widget-divider{width:var(--container-widget-width,100%);--flex-grow:var(--container-widget-flex-grow)}<\/style>\t\t<div class=\"elementor-divider\">\n\t\t\t<span class=\"elementor-divider-separator\">\n\t\t\t\t\t\t<\/span>\n\t\t<\/div>\n\t\t\t\t<\/div>\n\t\t\t\t<\/div>\n\t\t\t\t\t<\/div>\n\t\t<\/div>\n\t\t\t\t\t\t\t<\/div>\n\t\t<\/section>\n\t\t\t\t<section class=\"elementor-section elementor-top-section elementor-element elementor-element-9a8353b elementor-section-boxed elementor-section-height-default elementor-section-height-default\" data-id=\"9a8353b\" data-element_type=\"section\">\n\t\t\t\t\t\t<div class=\"elementor-container elementor-column-gap-default\">\n\t\t\t\t\t<div class=\"elementor-column elementor-col-50 elementor-top-column elementor-element elementor-element-649510e\" data-id=\"649510e\" data-element_type=\"column\">\n\t\t\t<div class=\"elementor-widget-wrap elementor-element-populated\">\n\t\t\t\t\t\t\t\t<div class=\"elementor-element elementor-element-76f6af9 elementor-widget elementor-widget-text-editor\" data-id=\"76f6af9\" data-element_type=\"widget\" data-widget_type=\"text-editor.default\">\n\t\t\t\t<div class=\"elementor-widget-container\">\n\t\t\t<style>\/*! elementor - v3.13.3 - 28-05-2023 *\/\n.elementor-widget-text-editor.elementor-drop-cap-view-stacked .elementor-drop-cap{background-color:#69727d;color:#fff}.elementor-widget-text-editor.elementor-drop-cap-view-framed .elementor-drop-cap{color:#69727d;border:3px solid;background-color:transparent}.elementor-widget-text-editor:not(.elementor-drop-cap-view-default) .elementor-drop-cap{margin-top:8px}.elementor-widget-text-editor:not(.elementor-drop-cap-view-default) .elementor-drop-cap-letter{width:1em;height:1em}.elementor-widget-text-editor .elementor-drop-cap{float:left;text-align:center;line-height:1;font-size:50px}.elementor-widget-text-editor .elementor-drop-cap-letter{display:inline-block}<\/style>\t\t\t\t<p>3800 km &#8211; 40 nap. R\u00f6viden ennyivel jellemezhet\u0151 az \u00fat. Azonban, ha jobban belemegy\u00fcnk a r\u00e9szletekbe, sz\u00e1mtalan izgalmas r\u00e9gi\u00f3t fedezhet\u00fcnk fel.<br \/>Az \u00fat sor\u00e1n h\u00e9t orsz\u00e1got \u00e9rint\u00fcnk: Magyarorsz\u00e1g, Ausztria, N\u00e9metorsz\u00e1g, Liechtenstein, Sv\u00e1jc, Spanyolorsz\u00e1g, Portug\u00e1lia. Kiemelt zar\u00e1ndokhelyeket is megl\u00e1togatunk, t\u00f6bbek k\u00f6z\u00f6tt Lourdes, Santiago de Compostela \u00e9s Fatima is beker\u00fclt az \u00fatvonaltervbe.<\/p><p>Az \u00fatvonal\u00e9 meghat\u00e1roz\u00e1s\u00e1n\u00e1l sz\u00e1mos t\u00e9nyez\u0151 k\u00f6zrej\u00e1tszott. Egyr\u00e9szt a t\u00e1vols\u00e1gok, a min\u00e9l kedvez\u0151bb id\u0151j\u00e1r\u00e1s, \u00e9s nem utols\u00f3 sorban a sz\u00e1ll\u00e1sok.<br \/>A sz\u00e1ll\u00e1shelyek k\u00fcl\u00f6nlegess\u00e9ge, hogy t\u00f6bbs\u00e9g\u00e9ben monostorok, kolostorok, rendh\u00e1zak. Terveink szerint \u00edgy fel fogunk keresni benc\u00e9s, jezsuita, irgalmasrendi rendh\u00e1zakat is.\u00a0<br \/><br \/>Vajon mennyire siker\u00fcl majd az el\u0151re eltervezett \u00fatvonalon maradni? K\u00f6vesd mozg\u00e1sunkat \u00e9l\u0151 nyomk\u00f6vet\u0151nk seg\u00edts\u00e9g\u00e9vel a nap b\u00e1rmely szakasz\u00e1ban!<\/p>\t\t\t\t\t\t<\/div>\n\t\t\t\t<\/div>\n\t\t\t\t\t<\/div>\n\t\t<\/div>\n\t\t\t\t<div class=\"elementor-column elementor-col-50 elementor-top-column elementor-element elementor-element-044a1b5\" data-id=\"044a1b5\" data-element_type=\"column\">\n\t\t\t<div class=\"elementor-widget-wrap elementor-element-populated\">\n\t\t\t\t\t\t\t\t<div class=\"elementor-element elementor-element-b092fdd elementor-widget elementor-widget-video\" data-id=\"b092fdd\" data-element_type=\"widget\" data-settings=\"{&quot;youtube_url&quot;:&quot;https:\\\/\\\/www.youtube.com\\\/watch?v=Xv6MfOtGJkY&amp;t=3s&quot;,&quot;autoplay&quot;:&quot;yes&quot;,&quot;mute&quot;:&quot;yes&quot;,&quot;video_type&quot;:&quot;youtube&quot;,&quot;controls&quot;:&quot;yes&quot;}\" data-widget_type=\"video.default\">\n\t\t\t\t<div class=\"elementor-widget-container\">\n\t\t\t<style>\/*! elementor - v3.13.3 - 28-05-2023 *\/\n.elementor-widget-video .elementor-widget-container{overflow:hidden;transform:translateZ(0)}.elementor-widget-video .elementor-wrapper{aspect-ratio:var(--video-aspect-ratio)}.elementor-widget-video .elementor-wrapper iframe,.elementor-widget-video .elementor-wrapper video{height:100%;width:100%;display:flex;border:none;background-color:#000}@supports not (aspect-ratio:1\/1){.elementor-widget-video .elementor-wrapper{position:relative;overflow:hidden;height:0;padding-bottom:calc(100% \/ var(--video-aspect-ratio))}.elementor-widget-video .elementor-wrapper iframe,.elementor-widget-video .elementor-wrapper video{position:absolute;top:0;right:0;bottom:0;left:0}}.elementor-widget-video .elementor-open-inline .elementor-custom-embed-image-overlay{position:absolute;top:0;left:0;width:100%;height:100%;background-size:cover;background-position:50%}.elementor-widget-video .elementor-custom-embed-image-overlay{cursor:pointer;text-align:center}.elementor-widget-video .elementor-custom-embed-image-overlay:hover .elementor-custom-embed-play i{opacity:1}.elementor-widget-video .elementor-custom-embed-image-overlay img{display:block;width:100%}.elementor-widget-video .e-hosted-video .elementor-video{-o-object-fit:cover;object-fit:cover}.e-con-inner>.elementor-widget-video,.e-con>.elementor-widget-video{width:var(--container-widget-width);--flex-grow:var(--container-widget-flex-grow)}<\/style>\t\t<div class=\"elementor-wrapper elementor-open-inline\">\n\t\t\t<div class=\"elementor-video\"><\/div>\t\t<\/div>\n\t\t\t\t<\/div>\n\t\t\t\t<\/div>\n\t\t\t\t\t<\/div>\n\t\t<\/div>\n\t\t\t\t\t\t\t<\/div>\n\t\t<\/section>\n\t\t\t\t\t\t\t<\/div>\n\t\t","protected":false},"excerpt":{"rendered":"<p>\u00c9L\u0150 NYOMK\u00d6VET\u00c9Skattints ide! 3800 km &#8211; 40 nap. R\u00f6viden ennyivel jellemezhet\u0151 az \u00fat. Azonban, ha jobban belemegy\u00fcnk a r\u00e9szletekbe, sz\u00e1mtalan izgalmas r\u00e9gi\u00f3t fedezhet\u00fcnk fel.Az \u00fat sor\u00e1n h\u00e9t orsz\u00e1got \u00e9rint\u00fcnk: Magyarorsz\u00e1g, Ausztria, N\u00e9metorsz\u00e1g, Liechtenstein, Sv\u00e1jc, Spanyolorsz\u00e1g, Portug\u00e1lia. Kiemelt zar\u00e1ndokhelyeket is megl\u00e1togatunk, t\u00f6bbek k\u00f6z\u00f6tt Lourdes, Santiago de Compostela \u00e9s Fatima is beker\u00fclt az \u00fatvonaltervbe. Az \u00fatvonal\u00e9 meghat\u00e1roz\u00e1s\u00e1n\u00e1l &hellip;<\/p>\n<p class=\"read-more\"> <a class=\"\" href=\"https:\/\/ridetolisboa.hu\/?page_id=1936\"> <span class=\"screen-reader-text\">\u00datvonal<\/span> Read More &raquo;<\/a><\/p>\n","protected":false},"author":1,"featured_media":0,"parent":0,"menu_order":0,"comment_status":"closed","ping_status":"closed","template":"","meta":{"_uag_custom_page_level_css":"","site-sidebar-layout":"no-sidebar","site-content-layout":"page-builder","ast-global-header-display":"","ast-banner-title-visibility":"","ast-main-header-display":"","ast-hfb-above-header-display":"","ast-hfb-below-header-display":"","ast-hfb-mobile-header-display":"","site-post-title":"disabled","ast-breadcrumbs-content":"","ast-featured-img":"disabled","footer-sml-layout":"","theme-transparent-header-meta":"","adv-header-id-meta":"","stick-header-meta":"","header-above-stick-meta":"","header-main-stick-meta":"","header-below-stick-meta":"","footnotes":""},"class_list":["post-1936","page","type-page","status-publish","hentry"],"uagb_featured_image_src":{"full":false,"thumbnail":false,"medium":false,"medium_large":false,"large":false,"1536x1536":false,"2048x2048":false},"uagb_author_info":{"display_name":"admin","author_link":"https:\/\/ridetolisboa.hu\/?author=1"},"uagb_comment_info":0,"uagb_excerpt":"\u00c9L\u0150 NYOMK\u00d6VET\u00c9Skattints ide! 3800 km &#8211; 40 nap. R\u00f6viden ennyivel jellemezhet\u0151 az \u00fat. Azonban, ha jobban belemegy\u00fcnk a r\u00e9szletekbe, sz\u00e1mtalan izgalmas r\u00e9gi\u00f3t fedezhet\u00fcnk fel.Az \u00fat sor\u00e1n h\u00e9t orsz\u00e1got \u00e9rint\u00fcnk: Magyarorsz\u00e1g, Ausztria, N\u00e9metorsz\u00e1g, Liechtenstein, Sv\u00e1jc, Spanyolorsz\u00e1g, Portug\u00e1lia. Kiemelt zar\u00e1ndokhelyeket is megl\u00e1togatunk, t\u00f6bbek k\u00f6z\u00f6tt Lourdes, Santiago de Compostela \u00e9s Fatima is beker\u00fclt az \u00fatvonaltervbe. Az \u00fatvonal\u00e9 meghat\u00e1roz\u00e1s\u00e1n\u00e1l&hellip;","_links":{"self":[{"href":"https:\/\/ridetolisboa.hu\/index.php?rest_route=\/wp\/v2\/pages\/1936","targetHints":{"allow":["GET"]}}],"collection":[{"href":"https:\/\/ridetolisboa.hu\/index.php?rest_route=\/wp\/v2\/pages"}],"about":[{"href":"https:\/\/ridetolisboa.hu\/index.php?rest_route=\/wp\/v2\/types\/page"}],"author":[{"embeddable":true,"href":"https:\/\/ridetolisboa.hu\/index.php?rest_route=\/wp\/v2\/users\/1"}],"replies":[{"embeddable":true,"href":"https:\/\/ridetolisboa.hu\/index.php?rest_route=%2Fwp%2Fv2%2Fcomments&post=1936"}],"version-history":[{"count":32,"href":"https:\/\/ridetolisboa.hu\/index.php?rest_route=\/wp\/v2\/pages\/1936\/revisions"}],"predecessor-version":[{"id":2316,"href":"https:\/\/ridetolisboa.hu\/index.php?rest_route=\/wp\/v2\/pages\/1936\/revisions\/2316"}],"wp:attachment":[{"href":"https:\/\/ridetolisboa.hu\/index.php?rest_route=%2Fwp%2Fv2%2Fmedia&parent=1936"}],"curies":[{"name":"wp","href":"https:\/\/api.w.org\/{rel}","templated":true}]}}