{"id":2198,"date":"2023-06-07T20:15:40","date_gmt":"2023-06-07T18:15:40","guid":{"rendered":"https:\/\/ridetolisboa.hu\/?page_id=2198"},"modified":"2023-06-21T12:06:21","modified_gmt":"2023-06-21T10:06:21","slug":"kapcsolat-2","status":"publish","type":"page","link":"https:\/\/ridetolisboa.hu\/?page_id=2198","title":{"rendered":"kapcsolat"},"content":{"rendered":"\t\t<div data-elementor-type=\"wp-page\" data-elementor-id=\"2198\" class=\"elementor elementor-2198\">\n\t\t\t\t\t\t\t\t\t<section class=\"elementor-section elementor-top-section elementor-element elementor-element-63a1b5a elementor-section-boxed elementor-section-height-default elementor-section-height-default\" data-id=\"63a1b5a\" data-element_type=\"section\">\n\t\t\t\t\t\t<div class=\"elementor-container elementor-column-gap-default\">\n\t\t\t\t\t<div class=\"elementor-column elementor-col-100 elementor-top-column elementor-element elementor-element-a0b6be5\" data-id=\"a0b6be5\" data-element_type=\"column\">\n\t\t\t<div class=\"elementor-widget-wrap\">\n\t\t\t\t\t\t\t\t\t<\/div>\n\t\t<\/div>\n\t\t\t\t\t\t\t<\/div>\n\t\t<\/section>\n\t\t\t\t<section class=\"elementor-section elementor-top-section elementor-element elementor-element-0d6ab64 elementor-section-boxed elementor-section-height-default elementor-section-height-default\" data-id=\"0d6ab64\" data-element_type=\"section\">\n\t\t\t\t\t\t<div class=\"elementor-container elementor-column-gap-default\">\n\t\t\t\t\t<div class=\"elementor-column elementor-col-100 elementor-top-column elementor-element elementor-element-f78c68a\" data-id=\"f78c68a\" data-element_type=\"column\">\n\t\t\t<div class=\"elementor-widget-wrap elementor-element-populated\">\n\t\t\t\t\t\t\t\t<div class=\"elementor-element elementor-element-cff85c6 elementor-widget elementor-widget-text-editor\" data-id=\"cff85c6\" data-element_type=\"widget\" data-widget_type=\"text-editor.default\">\n\t\t\t\t<div class=\"elementor-widget-container\">\n\t\t\t<style>\/*! elementor - v3.13.3 - 28-05-2023 *\/\n.elementor-widget-text-editor.elementor-drop-cap-view-stacked .elementor-drop-cap{background-color:#69727d;color:#fff}.elementor-widget-text-editor.elementor-drop-cap-view-framed .elementor-drop-cap{color:#69727d;border:3px solid;background-color:transparent}.elementor-widget-text-editor:not(.elementor-drop-cap-view-default) .elementor-drop-cap{margin-top:8px}.elementor-widget-text-editor:not(.elementor-drop-cap-view-default) .elementor-drop-cap-letter{width:1em;height:1em}.elementor-widget-text-editor .elementor-drop-cap{float:left;text-align:center;line-height:1;font-size:50px}.elementor-widget-text-editor .elementor-drop-cap-letter{display:inline-block}<\/style>\t\t\t\t<p>L\u00e9pj kapcsolatba vel\u00fcnk az al\u00e1bbi el\u00e9rhet\u0151s\u00e9gek egyik\u00e9n! Szeretettel v\u00e1rjuk megkeres\u00e9seiteket!<br \/>Email-el\u00e9rhet\u0151s\u00e9g\u00fcnk: cyclingpilgrimage.wyd2023@gmail.com<\/p><p><a href=\"https:\/\/www.instagram.com\/kerekparrallisszabonba2023\/\">Instagram<\/a><\/p><p><a href=\"https:\/\/www.facebook.com\/KerekparralLisszabonba\">Facebook<\/a><\/p>\t\t\t\t\t\t<\/div>\n\t\t\t\t<\/div>\n\t\t\t\t\t<\/div>\n\t\t<\/div>\n\t\t\t\t\t\t\t<\/div>\n\t\t<\/section>\n\t\t\t\t<section class=\"elementor-section elementor-top-section elementor-element elementor-element-e97bb47 elementor-section-boxed elementor-section-height-default elementor-section-height-default\" data-id=\"e97bb47\" data-element_type=\"section\">\n\t\t\t\t\t\t<div class=\"elementor-container elementor-column-gap-default\">\n\t\t\t\t\t<div class=\"elementor-column elementor-col-20 elementor-top-column elementor-element elementor-element-eb71c23\" data-id=\"eb71c23\" data-element_type=\"column\">\n\t\t\t<div class=\"elementor-widget-wrap elementor-element-populated\">\n\t\t\t\t\t\t\t\t<div class=\"elementor-element elementor-element-d3c39fa elementor-widget elementor-widget-image\" data-id=\"d3c39fa\" data-element_type=\"widget\" data-widget_type=\"image.default\">\n\t\t\t\t<div class=\"elementor-widget-container\">\n\t\t\t<style>\/*! elementor - v3.13.3 - 28-05-2023 *\/\n.elementor-widget-image{text-align:center}.elementor-widget-image a{display:inline-block}.elementor-widget-image a img[src$=\".svg\"]{width:48px}.elementor-widget-image img{vertical-align:middle;display:inline-block}<\/style>\t\t\t\t\t\t\t\t\t\t\t\t\t<a href=\"https:\/\/www.facebook.com\/KerekparralLisszabonba\">\n\t\t\t\t\t\t\t<img loading=\"lazy\" decoding=\"async\" width=\"1024\" height=\"1024\" src=\"https:\/\/ridetolisboa.hu\/wp-content\/uploads\/2023\/06\/Promocios-kiadvany-masolata-2-1024x1024.png\" class=\"attachment-large size-large wp-image-2025\" alt=\"\" srcset=\"https:\/\/ridetolisboa.hu\/wp-content\/uploads\/2023\/06\/Promocios-kiadvany-masolata-2-1024x1024.png 1024w, https:\/\/ridetolisboa.hu\/wp-content\/uploads\/2023\/06\/Promocios-kiadvany-masolata-2-300x300.png 300w, https:\/\/ridetolisboa.hu\/wp-content\/uploads\/2023\/06\/Promocios-kiadvany-masolata-2-150x150.png 150w, https:\/\/ridetolisboa.hu\/wp-content\/uploads\/2023\/06\/Promocios-kiadvany-masolata-2-768x768.png 768w, https:\/\/ridetolisboa.hu\/wp-content\/uploads\/2023\/06\/Promocios-kiadvany-masolata-2-1536x1536.png 1536w, https:\/\/ridetolisboa.hu\/wp-content\/uploads\/2023\/06\/Promocios-kiadvany-masolata-2.png 2000w\" sizes=\"auto, (max-width: 1024px) 100vw, 1024px\" \/>\t\t\t\t\t\t\t\t<\/a>\n\t\t\t\t\t\t\t\t\t\t\t\t\t\t\t<\/div>\n\t\t\t\t<\/div>\n\t\t\t\t\t<\/div>\n\t\t<\/div>\n\t\t\t\t<div class=\"elementor-column elementor-col-20 elementor-top-column elementor-element elementor-element-58c8c2c\" data-id=\"58c8c2c\" data-element_type=\"column\">\n\t\t\t<div class=\"elementor-widget-wrap elementor-element-populated\">\n\t\t\t\t\t\t\t\t<div class=\"elementor-element elementor-element-3534977 elementor-widget elementor-widget-image\" data-id=\"3534977\" data-element_type=\"widget\" data-widget_type=\"image.default\">\n\t\t\t\t<div class=\"elementor-widget-container\">\n\t\t\t\t\t\t\t\t\t\t\t\t\t\t\t\t<a href=\"https:\/\/www.instagram.com\/kerekparrallisszabonba2023\/\">\n\t\t\t\t\t\t\t<img loading=\"lazy\" decoding=\"async\" width=\"1024\" height=\"1024\" src=\"https:\/\/ridetolisboa.hu\/wp-content\/uploads\/2023\/06\/Promocios-kiadvany-masolata-3-1024x1024.png\" class=\"attachment-large size-large wp-image-2024\" alt=\"\" srcset=\"https:\/\/ridetolisboa.hu\/wp-content\/uploads\/2023\/06\/Promocios-kiadvany-masolata-3-1024x1024.png 1024w, https:\/\/ridetolisboa.hu\/wp-content\/uploads\/2023\/06\/Promocios-kiadvany-masolata-3-300x300.png 300w, https:\/\/ridetolisboa.hu\/wp-content\/uploads\/2023\/06\/Promocios-kiadvany-masolata-3-150x150.png 150w, https:\/\/ridetolisboa.hu\/wp-content\/uploads\/2023\/06\/Promocios-kiadvany-masolata-3-768x768.png 768w, https:\/\/ridetolisboa.hu\/wp-content\/uploads\/2023\/06\/Promocios-kiadvany-masolata-3-1536x1536.png 1536w, https:\/\/ridetolisboa.hu\/wp-content\/uploads\/2023\/06\/Promocios-kiadvany-masolata-3.png 2000w\" sizes=\"auto, (max-width: 1024px) 100vw, 1024px\" \/>\t\t\t\t\t\t\t\t<\/a>\n\t\t\t\t\t\t\t\t\t\t\t\t\t\t\t<\/div>\n\t\t\t\t<\/div>\n\t\t\t\t\t<\/div>\n\t\t<\/div>\n\t\t\t\t<div class=\"elementor-column elementor-col-20 elementor-top-column elementor-element elementor-element-1ebcaee\" data-id=\"1ebcaee\" data-element_type=\"column\">\n\t\t\t<div class=\"elementor-widget-wrap elementor-element-populated\">\n\t\t\t\t\t\t\t\t<div class=\"elementor-element elementor-element-d35bedf elementor-widget elementor-widget-image\" data-id=\"d35bedf\" data-element_type=\"widget\" data-widget_type=\"image.default\">\n\t\t\t\t<div class=\"elementor-widget-container\">\n\t\t\t\t\t\t\t\t\t\t\t\t\t\t\t\t<a href=\"https:\/\/twitter.com\/bicyclelisbon\">\n\t\t\t\t\t\t\t<img loading=\"lazy\" decoding=\"async\" width=\"1024\" height=\"1024\" src=\"https:\/\/ridetolisboa.hu\/wp-content\/uploads\/2023\/06\/Promocios-kiadvany-masolata-4-1024x1024.png\" class=\"attachment-large size-large wp-image-2023\" alt=\"\" srcset=\"https:\/\/ridetolisboa.hu\/wp-content\/uploads\/2023\/06\/Promocios-kiadvany-masolata-4-1024x1024.png 1024w, https:\/\/ridetolisboa.hu\/wp-content\/uploads\/2023\/06\/Promocios-kiadvany-masolata-4-300x300.png 300w, https:\/\/ridetolisboa.hu\/wp-content\/uploads\/2023\/06\/Promocios-kiadvany-masolata-4-150x150.png 150w, https:\/\/ridetolisboa.hu\/wp-content\/uploads\/2023\/06\/Promocios-kiadvany-masolata-4-768x768.png 768w, https:\/\/ridetolisboa.hu\/wp-content\/uploads\/2023\/06\/Promocios-kiadvany-masolata-4-1536x1536.png 1536w, https:\/\/ridetolisboa.hu\/wp-content\/uploads\/2023\/06\/Promocios-kiadvany-masolata-4.png 2000w\" sizes=\"auto, (max-width: 1024px) 100vw, 1024px\" \/>\t\t\t\t\t\t\t\t<\/a>\n\t\t\t\t\t\t\t\t\t\t\t\t\t\t\t<\/div>\n\t\t\t\t<\/div>\n\t\t\t\t\t<\/div>\n\t\t<\/div>\n\t\t\t\t<div class=\"elementor-column elementor-col-20 elementor-top-column elementor-element elementor-element-f646a07\" data-id=\"f646a07\" data-element_type=\"column\">\n\t\t\t<div class=\"elementor-widget-wrap elementor-element-populated\">\n\t\t\t\t\t\t\t\t<div class=\"elementor-element elementor-element-0433c24 elementor-widget elementor-widget-image\" data-id=\"0433c24\" data-element_type=\"widget\" data-widget_type=\"image.default\">\n\t\t\t\t<div class=\"elementor-widget-container\">\n\t\t\t\t\t\t\t\t\t\t\t\t\t\t\t\t<a href=\"mailto:cyclingpilgrimage.wyd2023@gmail.com\">\n\t\t\t\t\t\t\t<img loading=\"lazy\" decoding=\"async\" width=\"1024\" height=\"1024\" src=\"https:\/\/ridetolisboa.hu\/wp-content\/uploads\/2023\/06\/Promocios-kiadvany-masolata-5-1024x1024.png\" class=\"attachment-large size-large wp-image-2022\" alt=\"\" srcset=\"https:\/\/ridetolisboa.hu\/wp-content\/uploads\/2023\/06\/Promocios-kiadvany-masolata-5-1024x1024.png 1024w, https:\/\/ridetolisboa.hu\/wp-content\/uploads\/2023\/06\/Promocios-kiadvany-masolata-5-300x300.png 300w, https:\/\/ridetolisboa.hu\/wp-content\/uploads\/2023\/06\/Promocios-kiadvany-masolata-5-150x150.png 150w, https:\/\/ridetolisboa.hu\/wp-content\/uploads\/2023\/06\/Promocios-kiadvany-masolata-5-768x768.png 768w, https:\/\/ridetolisboa.hu\/wp-content\/uploads\/2023\/06\/Promocios-kiadvany-masolata-5-1536x1536.png 1536w, https:\/\/ridetolisboa.hu\/wp-content\/uploads\/2023\/06\/Promocios-kiadvany-masolata-5.png 2000w\" sizes=\"auto, (max-width: 1024px) 100vw, 1024px\" \/>\t\t\t\t\t\t\t\t<\/a>\n\t\t\t\t\t\t\t\t\t\t\t\t\t\t\t<\/div>\n\t\t\t\t<\/div>\n\t\t\t\t\t<\/div>\n\t\t<\/div>\n\t\t\t\t<div class=\"elementor-column elementor-col-20 elementor-top-column elementor-element elementor-element-eaa4f83\" data-id=\"eaa4f83\" data-element_type=\"column\">\n\t\t\t<div class=\"elementor-widget-wrap\">\n\t\t\t\t\t\t\t\t\t<\/div>\n\t\t<\/div>\n\t\t\t\t\t\t\t<\/div>\n\t\t<\/section>\n\t\t\t\t\t\t\t<\/div>\n\t\t","protected":false},"excerpt":{"rendered":"<p>L\u00e9pj kapcsolatba vel\u00fcnk az al\u00e1bbi el\u00e9rhet\u0151s\u00e9gek egyik\u00e9n! Szeretettel v\u00e1rjuk megkeres\u00e9seiteket!Email-el\u00e9rhet\u0151s\u00e9g\u00fcnk: cyclingpilgrimage.wyd2023@gmail.com Instagram Facebook<\/p>\n","protected":false},"author":1,"featured_media":0,"parent":0,"menu_order":0,"comment_status":"closed","ping_status":"closed","template":"","meta":{"_uag_custom_page_level_css":"","site-sidebar-layout":"no-sidebar","site-content-layout":"page-builder","ast-global-header-display":"","ast-banner-title-visibility":"","ast-main-header-display":"","ast-hfb-above-header-display":"","ast-hfb-below-header-display":"","ast-hfb-mobile-header-display":"","site-post-title":"disabled","ast-breadcrumbs-content":"","ast-featured-img":"disabled","footer-sml-layout":"","theme-transparent-header-meta":"","adv-header-id-meta":"","stick-header-meta":"","header-above-stick-meta":"","header-main-stick-meta":"","header-below-stick-meta":"","footnotes":""},"class_list":["post-2198","page","type-page","status-publish","hentry"],"uagb_featured_image_src":{"full":false,"thumbnail":false,"medium":false,"medium_large":false,"large":false,"1536x1536":false,"2048x2048":false},"uagb_author_info":{"display_name":"admin","author_link":"https:\/\/ridetolisboa.hu\/?author=1"},"uagb_comment_info":0,"uagb_excerpt":"L\u00e9pj kapcsolatba vel\u00fcnk az al\u00e1bbi el\u00e9rhet\u0151s\u00e9gek egyik\u00e9n! Szeretettel v\u00e1rjuk megkeres\u00e9seiteket!Email-el\u00e9rhet\u0151s\u00e9g\u00fcnk: cyclingpilgrimage.wyd2023@gmail.com Instagram Facebook","_links":{"self":[{"href":"https:\/\/ridetolisboa.hu\/index.php?rest_route=\/wp\/v2\/pages\/2198","targetHints":{"allow":["GET"]}}],"collection":[{"href":"https:\/\/ridetolisboa.hu\/index.php?rest_route=\/wp\/v2\/pages"}],"about":[{"href":"https:\/\/ridetolisboa.hu\/index.php?rest_route=\/wp\/v2\/types\/page"}],"author":[{"embeddable":true,"href":"https:\/\/ridetolisboa.hu\/index.php?rest_route=\/wp\/v2\/users\/1"}],"replies":[{"embeddable":true,"href":"https:\/\/ridetolisboa.hu\/index.php?rest_route=%2Fwp%2Fv2%2Fcomments&post=2198"}],"version-history":[{"count":13,"href":"https:\/\/ridetolisboa.hu\/index.php?rest_route=\/wp\/v2\/pages\/2198\/revisions"}],"predecessor-version":[{"id":2334,"href":"https:\/\/ridetolisboa.hu\/index.php?rest_route=\/wp\/v2\/pages\/2198\/revisions\/2334"}],"wp:attachment":[{"href":"https:\/\/ridetolisboa.hu\/index.php?rest_route=%2Fwp%2Fv2%2Fmedia&parent=2198"}],"curies":[{"name":"wp","href":"https:\/\/api.w.org\/{rel}","templated":true}]}}